{"id":11808,"date":"2023-10-27T12:02:00","date_gmt":"2023-10-27T12:02:00","guid":{"rendered":"https:\/\/pickupdesign.tzdev.eu\/product\/pickup-design-carbon-roof-housing-lazer-standard-lights\/"},"modified":"2025-03-20T13:08:34","modified_gmt":"2025-03-20T13:08:34","slug":"x-works-carbon-roof-light","status":"publish","type":"product","link":"https:\/\/x-workscars.com\/en\/product\/x-works-carbon-roof-light\/","title":{"rendered":"X-Works carbon roof light"},"content":{"rendered":"\t\t<div data-elementor-type=\"product-post\" data-elementor-id=\"11808\" class=\"elementor elementor-11808 elementor-11053\" data-elementor-post-type=\"product\">\n\t\t\t\t<div class=\"wd-negative-gap elementor-element elementor-element-51c5d62 e-flex e-con-boxed e-con e-parent\" data-id=\"51c5d62\" data-element_type=\"container\" data-settings=\"{&quot;container_type&quot;:&quot;flex&quot;,&quot;content_width&quot;:&quot;boxed&quot;}\" data-core-v316-plus=\"true\">\n\t\t\t\t\t<div class=\"e-con-inner\">\n\t\t\t\t<div class=\"elementor-element elementor-element-310af7e7 color-scheme-inherit text-left elementor-widget elementor-widget-text-editor\" data-id=\"310af7e7\" data-element_type=\"widget\" data-widget_type=\"text-editor.default\">\n\t\t\t\t<div class=\"elementor-widget-container\">\n\t\t\t\t\t\t\t<p><strong>OPIS PRODUKTU<\/strong><\/p>\n<p>Dodaj swojemu pickupowi wyrazisto\u015bci i charakteru dzi\u0119ki nowatorskiej lampie X-Works mieszcz\u0105cej w sobie ledowe lampy Lazer z najnowszej linii Linear. Carbon to materia\u0142 wyj\u0105tkowy pod ka\u017cdym wzgl\u0119dem: lekki, niezwykle wytrzyma\u0142y, o unikalnym presti\u017cowym wygl\u0105dzie. Lampa zawiera zestaw element\u00f3w do samodzielnego monta\u017cu.<\/p>\n<p>\u00a0<\/p>\n<p><strong>ELEMENTY ZESTAWU<\/strong><\/p>\n<p>&#8211; karbonowa obudowa lampy X-Works, lakierowana w kolor czerwony od wewn\u0105trz<\/p>\n<p>&#8211; 2 x lampa Lazer Linear 6 Standard<\/p>\n<p>&#8211; 1 x lampa Lazer Linear 12 Standard<\/p>\n<p>&#8211; wi\u0105zka elektryczna do lamp Lazer z prze\u0142\u0105cznikiem<\/p>\n<p>\u00a0<\/p>\n<p><strong>SPECYFIKACJA OBUDOWY<\/strong><\/p>\n<p>Materia\u0142: Carbon zabezpieczony z zewn\u0105trz lakierem bezbarwnym, b\u0142yszcz\u0105cym<\/p>\n<p>Produkt kompatybilny z:\u00a0Ford Ranger Raptor 2023<\/p>\n<p>Wymiary:<\/p>\n<p>D\u0142ugo\u015b\u0107: 1140 mm<\/p>\n<p>Wysoko\u015b\u0107: 140 mm<\/p>\n<p>Szeroko\u015b\u0107: 420 mm<\/p>\n<p>SPECYFIKACJA LAMP LINEAR-12 Standard<\/p>\n<p>Napi\u0119cie: 9-32 V<\/p>\n<p>Pob\u00f3r pr\u0105du: 84 W<\/p>\n<p>Homologacja: ECE<\/p>\n<p>Lampa wodoszczelna<\/p>\n<p>\u017bar\u00f3wki chronione poliw\u0119glanem<\/p>\n<p>Ponad 50.000 godzin niezawodnej pracy<\/p>\n<p>\u00a0<\/p>\n<p><strong>Wymiary:<\/strong><\/p>\n<p>D\u0142ugo\u015b\u0107: 382 mm<\/p>\n<p>Wysoko\u015b\u0107: 40 mm<\/p>\n<p>Szeroko\u015b\u0107: 62 mm<\/p>\n<p>\u00a0<\/p>\n<p><strong>SPECYFIKACJA LAMP LINEAR-6 Standard<\/strong><\/p>\n<p>Napi\u0119cie: 9-32 V<\/p>\n<p>Pob\u00f3r pr\u0105du: 42 W<\/p>\n<p>Homologacja: ECE<\/p>\n<p>Lampa wodoszczelna<\/p>\n<p>\u017bar\u00f3wki chronione poliw\u0119glanem<\/p>\n<p>Ponad 50.000 godzin niezawodnej pracy<\/p>\n<p>\u00a0<\/p>\n<p><strong>Wymiary:<\/strong><\/p>\n<p>D\u0142ugo\u015b\u0107: 232 mm<\/p>\n<p>Wysoko\u015b\u0107: 40 mm<\/p>\n<p>Szeroko\u015b\u0107: 62 mm<\/p>\n\t\t\t\t\t\t<\/div>\n\t\t\t\t<\/div>\n\t\t\t\t\t<\/div>\n\t\t\t\t<\/div>\n\t\t\t\t<\/div>\n\t\t","protected":false},"excerpt":{"rendered":"<p>Roof light cover Carlex Design with LED Lazer Linear Standard lamps CARBON<\/p>\n","protected":false},"featured_media":10613,"comment_status":"open","ping_status":"closed","template":"","meta":{"_acf_changed":false},"product_cat":[177,178,253,302,301],"product_tag":[234,246],"class_list":{"0":"post-11808","1":"product","2":"type-product","3":"status-publish","4":"has-post-thumbnail","6":"product_cat-ford-ranger-raptor-en","7":"product_cat-pickup-en","8":"product_cat-ute-en","9":"product_cat-ford-ranger-en-2","10":"product_cat-vw-amarok-en","11":"product_tag-exterior-parts","12":"product_tag-exterior-parts-en","13":"_wholesalex","15":"first","16":"instock","17":"featured","18":"taxable","19":"shipping-taxable","20":"purchasable","21":"product-type-simple"},"acf":[],"aioseo_notices":[],"_links":{"self":[{"href":"https:\/\/x-workscars.com\/en\/wp-json\/wp\/v2\/product\/11808","targetHints":{"allow":["GET"]}}],"collection":[{"href":"https:\/\/x-workscars.com\/en\/wp-json\/wp\/v2\/product"}],"about":[{"href":"https:\/\/x-workscars.com\/en\/wp-json\/wp\/v2\/types\/product"}],"replies":[{"embeddable":true,"href":"https:\/\/x-workscars.com\/en\/wp-json\/wp\/v2\/comments?post=11808"}],"version-history":[{"count":10,"href":"https:\/\/x-workscars.com\/en\/wp-json\/wp\/v2\/product\/11808\/revisions"}],"predecessor-version":[{"id":23672,"href":"https:\/\/x-workscars.com\/en\/wp-json\/wp\/v2\/product\/11808\/revisions\/23672"}],"wp:featuredmedia":[{"embeddable":true,"href":"https:\/\/x-workscars.com\/en\/wp-json\/wp\/v2\/media\/10613"}],"wp:attachment":[{"href":"https:\/\/x-workscars.com\/en\/wp-json\/wp\/v2\/media?parent=11808"}],"wp:term":[{"taxonomy":"product_cat","embeddable":true,"href":"https:\/\/x-workscars.com\/en\/wp-json\/wp\/v2\/product_cat?post=11808"},{"taxonomy":"product_tag","embeddable":true,"href":"https:\/\/x-workscars.com\/en\/wp-json\/wp\/v2\/product_tag?post=11808"}],"curies":[{"name":"wp","href":"https:\/\/api.w.org\/{rel}","templated":true}]}}